{"id":25,"date":"2013-02-23T11:26:17","date_gmt":"2013-02-23T11:26:17","guid":{"rendered":"http:\/\/avogardo.com\/avogardo\/?page_id=25"},"modified":"2014-05-11T21:47:04","modified_gmt":"2014-05-11T21:47:04","slug":"avogardo","status":"publish","type":"page","link":"https:\/\/www.avogardo.com\/avogardo\/avogardo\/","title":{"rendered":"AVOGARDO"},"content":{"rendered":"<p style=\"text-align: justify;\">Im Fr\u00fchjahr 2011 hat sich eine kleine Gruppe Entwickler entschlossen, sich mit der Datenpflege von Shopsystemen zu besch\u00e4ftigen. Nach fast neun Monaten Entwicklung war die L\u00f6sung f\u00fcr einen ersten Testbenutzer fertig. Daten aus einem bestehenden Warenwirtschaftssystem wurden zyklisch abgegriffen und in unser System namens &#8222;Shopmanager&#8220; importiert. Die Anforderungen sind schnell gewachsen. Ein System, welches sich lediglich um die Artikelpflege im Webshop k\u00fcmmern sollte, musste immer wieder erweitert werden.<\/p>\n<p style=\"text-align: justify;\">Die Entwicklung von Shopmanager wurde daraufhin im Jahr 2012 stillgelegt und mit einer neuen Entwicklung begonnen. Das neue System namens &#8222;CORE&#8220; arbeitet aufgrund einer besseren Technologie um ein Vielfaches schneller. Das pluginf\u00e4hige System wird in der Entwicklung st\u00e4ndig verbessert und ist das Hauptprodukt von AVOGARDO!<\/p>\n<p style=\"text-align: justify;\">Neben der Entwicklung von CORE macht sich AVOGARDO auch in der Entwicklung von Webseiten stark. Eine pers\u00f6nliche Beratung unserer Designer macht es uns m\u00f6glich, f\u00fcr jeden Kunden einen einzigartigen Webauftritt zu entwickeln.<\/p>\n<p style=\"text-align: justify;\">Die Kundenzufriedenheit steht bei uns im Vordergrund. So verfolgen wir auch den Ansatz &#8222;alles aus einer Hand&#8220;. Wir \u00fcbernehmen die Wartung Ihrer Infrastruktur und verbessern auch dort etwaige Schwachstellen im Arbeitsablauf.<\/p>\n<p style=\"text-align: justify;\">Unser Team freut sich \u00fcber Ihre Kontaktaufnahme!<\/p>\n<p style=\"text-align: justify;\">\n<p style=\"text-align: justify;\">\n<p style=\"text-align: justify;\">\n","protected":false},"excerpt":{"rendered":"<p>&#8230;<\/p>\n","protected":false},"author":1,"featured_media":0,"parent":0,"menu_order":0,"comment_status":"open","ping_status":"open","template":"template-fullwidth.php","meta":{"footnotes":""},"class_list":["post-25","page","type-page","status-publish","hentry"],"_links":{"self":[{"href":"https:\/\/www.avogardo.com\/avogardo\/wp-json\/wp\/v2\/pages\/25"}],"collection":[{"href":"https:\/\/www.avogardo.com\/avogardo\/wp-json\/wp\/v2\/pages"}],"about":[{"href":"https:\/\/www.avogardo.com\/avogardo\/wp-json\/wp\/v2\/types\/page"}],"author":[{"embeddable":true,"href":"https:\/\/www.avogardo.com\/avogardo\/wp-json\/wp\/v2\/users\/1"}],"replies":[{"embeddable":true,"href":"https:\/\/www.avogardo.com\/avogardo\/wp-json\/wp\/v2\/comments?post=25"}],"version-history":[{"count":15,"href":"https:\/\/www.avogardo.com\/avogardo\/wp-json\/wp\/v2\/pages\/25\/revisions"}],"predecessor-version":[{"id":320,"href":"https:\/\/www.avogardo.com\/avogardo\/wp-json\/wp\/v2\/pages\/25\/revisions\/320"}],"wp:attachment":[{"href":"https:\/\/www.avogardo.com\/avogardo\/wp-json\/wp\/v2\/media?parent=25"}],"curies":[{"name":"wp","href":"https:\/\/api.w.org\/{rel}","templated":true}]}}