{"id":149,"date":"2013-05-01T21:25:20","date_gmt":"2013-05-01T21:25:20","guid":{"rendered":"http:\/\/avogardo.com\/avogardo\/?page_id=149"},"modified":"2018-01-23T12:37:05","modified_gmt":"2018-01-23T12:37:05","slug":"webhosting-webdesign","status":"publish","type":"page","link":"https:\/\/www.avogardo.com\/avogardo\/webhosting-webdesign\/","title":{"rendered":"WEBHOSTING-WEBDESIGN"},"content":{"rendered":"<p>Sie wollen Ihr Unternehmen online stellen, ein neues modernes Design f\u00fcr Ihre Internetpr\u00e4senz?<br \/>\nSie haben vor Ihre Seite auf einen neue Domain zu verschieben?<br \/>\nOder ben\u00f6tigen Sie mehr Speicherplatz f\u00fcr Ihre Gesch\u00e4ftsseite?<\/p>\n<p>Gerne bieten wie Ihnen eine ma\u00dfgeschneiderte L\u00f6sung f\u00fcr Ihr Vorhaben an und unterst\u00fctzen Sie bei der Umsetzung.<br \/>\nAlles aus einer Hand, vom Hosting bis hin zum Webdesign.<\/p>\n<p>Kontaktieren Sie uns jetzt f\u00fcr einen Beratungstermin unter der Telefonnummer +43(0)720\/985922 oder nutzen Sie unser <a href=\"https:\/\/www.avogardo.com\/avogardo\/kontakt\">Kontaktformular<\/a>.<\/p>\n","protected":false},"excerpt":{"rendered":"<p>&#8230;<\/p>\n","protected":false},"author":1,"featured_media":0,"parent":0,"menu_order":0,"comment_status":"open","ping_status":"open","template":"template-fullwidth.php","meta":{"footnotes":""},"class_list":["post-149","page","type-page","status-publish","hentry"],"_links":{"self":[{"href":"https:\/\/www.avogardo.com\/avogardo\/wp-json\/wp\/v2\/pages\/149"}],"collection":[{"href":"https:\/\/www.avogardo.com\/avogardo\/wp-json\/wp\/v2\/pages"}],"about":[{"href":"https:\/\/www.avogardo.com\/avogardo\/wp-json\/wp\/v2\/types\/page"}],"author":[{"embeddable":true,"href":"https:\/\/www.avogardo.com\/avogardo\/wp-json\/wp\/v2\/users\/1"}],"replies":[{"embeddable":true,"href":"https:\/\/www.avogardo.com\/avogardo\/wp-json\/wp\/v2\/comments?post=149"}],"version-history":[{"count":5,"href":"https:\/\/www.avogardo.com\/avogardo\/wp-json\/wp\/v2\/pages\/149\/revisions"}],"predecessor-version":[{"id":408,"href":"https:\/\/www.avogardo.com\/avogardo\/wp-json\/wp\/v2\/pages\/149\/revisions\/408"}],"wp:attachment":[{"href":"https:\/\/www.avogardo.com\/avogardo\/wp-json\/wp\/v2\/media?parent=149"}],"curies":[{"name":"wp","href":"https:\/\/api.w.org\/{rel}","templated":true}]}}