{"id":144,"date":"2013-05-01T21:23:14","date_gmt":"2013-05-01T21:23:14","guid":{"rendered":"http:\/\/avogardo.com\/avogardo\/?page_id=144"},"modified":"2016-02-24T13:21:29","modified_gmt":"2016-02-24T13:21:29","slug":"software-entwicklung","status":"publish","type":"page","link":"https:\/\/www.avogardo.com\/avogardo\/software-entwicklung\/","title":{"rendered":"SOFTWARE-ENTWICKLUNG"},"content":{"rendered":"<p style=\"text-align: justify;\">Unser Hauptaugen<img loading=\"lazy\" decoding=\"async\" class=\"alignleft wp-image-285\" src=\"https:\/\/www.avogardo.com\/avogardo\/wp-content\/uploads\/2013\/05\/flipchart-300x300.jpg\" alt=\"flipchart\" width=\"252\" height=\"252\" srcset=\"https:\/\/www.avogardo.com\/avogardo\/wp-content\/uploads\/2013\/05\/flipchart-300x300.jpg 300w, https:\/\/www.avogardo.com\/avogardo\/wp-content\/uploads\/2013\/05\/flipchart-150x150.jpg 150w, https:\/\/www.avogardo.com\/avogardo\/wp-content\/uploads\/2013\/05\/flipchart-1024x1024.jpg 1024w, https:\/\/www.avogardo.com\/avogardo\/wp-content\/uploads\/2013\/05\/flipchart-640x639.jpg 640w, https:\/\/www.avogardo.com\/avogardo\/wp-content\/uploads\/2013\/05\/flipchart-282x281.jpg 282w, https:\/\/www.avogardo.com\/avogardo\/wp-content\/uploads\/2013\/05\/flipchart.jpg 1386w\" sizes=\"(max-width: 252px) 100vw, 252px\" \/>merk liegt in diesem Bereich auf komfortable und zeitgem\u00e4\u00dfe L\u00f6sungen f\u00fcr Ihr Unternehmen. Hierbei orientieren wir uns nicht prim\u00e4r daran, was bereits der Markt an Unternehmens-L\u00f6sungen bietet, sondern welche Standards es gibt und wie wir diese f\u00fcr Ihr Unternehmen gewinnbringend und ma\u00dfgeschneidert umsetzen k\u00f6nnen. So verfolgen wir w\u00e4hrend der Entwicklung unserer Business L\u00f6sungen nicht den typischen Weg der All-In-One L\u00f6sungen, welche vorhandene Workflows nur unn\u00f6tig komplizierter machen und erfahrenen Angestellten Ihre Arbeit zum Teil nur zeitraubend und fehleranf\u00e4lliger werden lassen. Im Gegensatz dazu analysieren wir Ihr vorhandenes Gesch\u00e4ftsmodell, sowie ihre bew\u00e4hrten Workflows im Unternehmen und bieten Ihnen entsprechende Module und Funktionen, die Sie wirklich ben\u00f6tigen.<\/p>\n<p style=\"text-align: justify;\">Selbst das noch so individuellste Gesch\u00e4ftsmodell und jede noch so spezielle Arbeitsweise sehen wir als Herausforderung, die wir gerne annehmen. So bieten wir Ihnen jederzeit die M\u00f6glichkeit, ma\u00dfgeschneiderte Individuall\u00f6sungen bei uns zu erwerben.<\/p>\n<p style=\"text-align: justify;\">Im Rahmen unserer voll dynamischen Produktstruktur, bietet ihnen CORE immer den zentralen Ausgangs- und Interaktionspunkt f\u00fcr all Ihre Bed\u00fcrfnisse. Die umfassende Sammlung an Kontextorientierten Modulen, die wir Ihnen hierbei bieten oder auch f\u00fcr Sie entwickeln, binden sich nahtlos in die Umgebung von CORE ein und verbinden somit intuitive sowie zeitgem\u00e4\u00dfe Benutzerf\u00fchrung mit einfach handhabbaren L\u00f6sungen f\u00fcr Ihren Gesch\u00e4ftsalltag.<br \/>\nMit CORE definieren wir alt hergebrachte L\u00f6sungen in diversen Gesch\u00e4ftsbereichen neben der ERP und dem CRM v\u00f6llig neu und konzentrieren uns dabei auf das Wesentliche \u2013 Ihren Gewinn und Ihren Erfolg!<\/p>\n<p>&nbsp;<\/p>\n<h2 style=\"text-align: justify;\">Das System<\/h2>\n<p style=\"text-align: justify;\">Nach jahrelanger Entwicklungsarbeit ist CORE das System, welches unseren selbst gesetzten Ma\u00dfst\u00e4ben gerecht wird. Hierbei definierten wir die Anforderung im Rahmen unseres DIME Models (Dynamic Integrated Management Environment) f\u00fcr den gesch\u00e4ftlichen Einsatz, sodass neueste Technik sowie jahrelange Erfahrungen in der Software Entwicklung f\u00fcr den Enterprise Markt in CORE eine geeignete Plattform finden.<\/p>\n<p>&nbsp;<\/p>\n","protected":false},"excerpt":{"rendered":"<p>&#8230;<\/p>\n","protected":false},"author":1,"featured_media":0,"parent":0,"menu_order":0,"comment_status":"open","ping_status":"open","template":"template-fullwidth.php","meta":{"footnotes":""},"class_list":["post-144","page","type-page","status-publish","hentry"],"_links":{"self":[{"href":"https:\/\/www.avogardo.com\/avogardo\/wp-json\/wp\/v2\/pages\/144"}],"collection":[{"href":"https:\/\/www.avogardo.com\/avogardo\/wp-json\/wp\/v2\/pages"}],"about":[{"href":"https:\/\/www.avogardo.com\/avogardo\/wp-json\/wp\/v2\/types\/page"}],"author":[{"embeddable":true,"href":"https:\/\/www.avogardo.com\/avogardo\/wp-json\/wp\/v2\/users\/1"}],"replies":[{"embeddable":true,"href":"https:\/\/www.avogardo.com\/avogardo\/wp-json\/wp\/v2\/comments?post=144"}],"version-history":[{"count":21,"href":"https:\/\/www.avogardo.com\/avogardo\/wp-json\/wp\/v2\/pages\/144\/revisions"}],"predecessor-version":[{"id":393,"href":"https:\/\/www.avogardo.com\/avogardo\/wp-json\/wp\/v2\/pages\/144\/revisions\/393"}],"wp:attachment":[{"href":"https:\/\/www.avogardo.com\/avogardo\/wp-json\/wp\/v2\/media?parent=144"}],"curies":[{"name":"wp","href":"https:\/\/api.w.org\/{rel}","templated":true}]}}